{"id":496,"date":"2024-01-31T00:06:24","date_gmt":"2024-01-31T00:06:24","guid":{"rendered":"https:\/\/thepategirl.co\/?post_type=product&#038;p=496"},"modified":"2024-07-26T21:34:35","modified_gmt":"2024-07-26T21:34:35","slug":"brandy-pate-with-french-butter","status":"publish","type":"product","link":"https:\/\/thepategirl.co\/index.php\/product\/brandy-pate-with-french-butter\/","title":{"rendered":"Brandy P\u00e2t\u00e9 with French butter"},"content":{"rendered":"<p>It is the inclusion of French butter and French Brandy that truly sets our p\u00e2t\u00e9 apart. Our Brandy P\u00e2t\u00e9 with Le Beurre Bordier is sure to delight even the most discerning of palates. Elevate your dining experience with this exquisite delicacy and savor the unparalleled pleasure it brings.<\/p>\n<p>Transport yourself to the heart of culinary indulgence with our exquisite Brandy P\u00e2t\u00e9 enriched with French butter. As you indulge in our Brandy P\u00e2t\u00e9 with Le Beurre Bordier, you&#8217;ll discover a symphony of flavors dancing on your palate\u2014the delicate sweetness of the brandy mingling with the rich, buttery goodness of the p\u00e2t\u00e9. Each bite is a revelation, a journey of sensory delight that leaves you craving for more.<\/p>\n<p>4oz\/jar<\/p>\n<p>Keep frozen and thaw in the fridge a night before for best and easy to spread. It is good for 5 days after opening.<\/p>\n","protected":false},"excerpt":{"rendered":"<p>4oz<\/p>\n","protected":false},"featured_media":498,"comment_status":"open","ping_status":"closed","template":"","meta":{"site-sidebar-layout":"default","site-content-layout":"","ast-site-content-layout":"default","site-content-style":"default","site-sidebar-style":"default","ast-global-header-display":"","ast-banner-title-visibility":"","ast-main-header-display":"","ast-hfb-above-header-display":"","ast-hfb-below-header-display":"","ast-hfb-mobile-header-display":"","site-post-title":"","ast-breadcrumbs-content":"","ast-featured-img":"","footer-sml-layout":"","theme-transparent-header-meta":"default","adv-header-id-meta":"","stick-header-meta":"","header-above-stick-meta":"","header-main-stick-meta":"","header-below-stick-meta":"","astra-migrate-meta-layouts":"set","ast-page-background-enabled":"default","ast-page-background-meta":{"desktop":{"background-color":"var(--ast-global-color-4)","background-image":"","background-repeat":"repeat","background-position":"center center","background-size":"auto","background-attachment":"scroll","background-type":"","background-media":"","overlay-type":"","overlay-color":"","overlay-gradient":""},"tablet":{"background-color":"","background-image":"","background-repeat":"repeat","background-position":"center center","background-size":"auto","background-attachment":"scroll","background-type":"","background-media":"","overlay-type":"","overlay-color":"","overlay-gradient":""},"mobile":{"background-color":"","background-image":"","background-repeat":"repeat","background-position":"center center","background-size":"auto","background-attachment":"scroll","background-type":"","background-media":"","overlay-type":"","overlay-color":"","overlay-gradient":""}},"ast-content-background-meta":{"desktop":{"background-color":"var(--ast-global-color-5)","background-image":"","background-repeat":"repeat","background-position":"center center","background-size":"auto","background-attachment":"scroll","background-type":"","background-media":"","overlay-type":"","overlay-color":"","overlay-gradient":""},"tablet":{"background-color":"var(--ast-global-color-5)","background-image":"","background-repeat":"repeat","background-position":"center center","background-size":"auto","background-attachment":"scroll","background-type":"","background-media":"","overlay-type":"","overlay-color":"","overlay-gradient":""},"mobile":{"background-color":"var(--ast-global-color-5)","background-image":"","background-repeat":"repeat","background-position":"center center","background-size":"auto","background-attachment":"scroll","background-type":"","background-media":"","overlay-type":"","overlay-color":"","overlay-gradient":""}}},"product_cat":[29],"product_tag":[],"class_list":{"0":"post-496","1":"product","2":"type-product","3":"status-publish","4":"has-post-thumbnail","6":"product_cat-pate-01","7":"desktop-align-left","8":"tablet-align-left","9":"mobile-align-left","11":"first","12":"instock","13":"shipping-taxable","14":"purchasable","15":"product-type-simple"},"_links":{"self":[{"href":"https:\/\/thepategirl.co\/index.php\/wp-json\/wp\/v2\/product\/496","targetHints":{"allow":["GET"]}}],"collection":[{"href":"https:\/\/thepategirl.co\/index.php\/wp-json\/wp\/v2\/product"}],"about":[{"href":"https:\/\/thepategirl.co\/index.php\/wp-json\/wp\/v2\/types\/product"}],"replies":[{"embeddable":true,"href":"https:\/\/thepategirl.co\/index.php\/wp-json\/wp\/v2\/comments?post=496"}],"wp:featuredmedia":[{"embeddable":true,"href":"https:\/\/thepategirl.co\/index.php\/wp-json\/wp\/v2\/media\/498"}],"wp:attachment":[{"href":"https:\/\/thepategirl.co\/index.php\/wp-json\/wp\/v2\/media?parent=496"}],"wp:term":[{"taxonomy":"product_cat","embeddable":true,"href":"https:\/\/thepategirl.co\/index.php\/wp-json\/wp\/v2\/product_cat?post=496"},{"taxonomy":"product_tag","embeddable":true,"href":"https:\/\/thepategirl.co\/index.php\/wp-json\/wp\/v2\/product_tag?post=496"}],"curies":[{"name":"wp","href":"https:\/\/api.w.org\/{rel}","templated":true}]}}