{"id":351,"date":"2024-01-26T23:25:08","date_gmt":"2024-01-26T23:25:08","guid":{"rendered":"https:\/\/thepategirl.co\/?post_type=product&#038;p=351"},"modified":"2024-07-26T22:32:13","modified_gmt":"2024-07-26T22:32:13","slug":"pate-de-campagne-country-pate","status":"publish","type":"product","link":"https:\/\/thepategirl.co\/index.php\/product\/pate-de-campagne-country-pate\/","title":{"rendered":"P\u00e2t\u00e9 de Campagne &#8211; Country p\u00e2t\u00e9"},"content":{"rendered":"<p>Step into the rustic charm of the French countryside with our authentic Pate de Campagne\u2014a timeless classic that embodies the essence of traditional French charcuterie. At the heart of our Pate de Campagne lies a blend of premium pork, seasoned with a delicate balance of aromatic herbs and spices. This carefully curated combination imbues the pate with a depth of flavor that is both comforting and satisfying. But it&#8217;s not just the ingredients that make our Pate de Campagne truly exceptional, it&#8217;s the artisanal craftsmanship that goes into its creation. Each batch is lovingly prepared by hand, ensuring that every slice is a testament to the time-honored traditions of French charcuterie.<br \/>\n12oz\/piece<br \/>\nKeep frozen and thaw in the fridge or refrigerated for 1 week. It is good for 3 days after opening.<\/p>\n","protected":false},"excerpt":{"rendered":"<p>Step into the rustic charm of the French countryside with our authentic Pate de Campagne\u2014a timeless classic that embodies the [&hellip;]<\/p>\n","protected":false},"featured_media":352,"comment_status":"open","ping_status":"closed","template":"","meta":{"site-sidebar-layout":"default","site-content-layout":"","ast-site-content-layout":"default","site-content-style":"default","site-sidebar-style":"default","ast-global-header-display":"","ast-banner-title-visibility":"","ast-main-header-display":"","ast-hfb-above-header-display":"","ast-hfb-below-header-display":"","ast-hfb-mobile-header-display":"","site-post-title":"","ast-breadcrumbs-content":"","ast-featured-img":"","footer-sml-layout":"","theme-transparent-header-meta":"default","adv-header-id-meta":"","stick-header-meta":"","header-above-stick-meta":"","header-main-stick-meta":"","header-below-stick-meta":"","astra-migrate-meta-layouts":"set","ast-page-background-enabled":"default","ast-page-background-meta":{"desktop":{"background-color":"var(--ast-global-color-4)","background-image":"","background-repeat":"repeat","background-position":"center center","background-size":"auto","background-attachment":"scroll","background-type":"","background-media":"","overlay-type":"","overlay-color":"","overlay-gradient":""},"tablet":{"background-color":"","background-image":"","background-repeat":"repeat","background-position":"center center","background-size":"auto","background-attachment":"scroll","background-type":"","background-media":"","overlay-type":"","overlay-color":"","overlay-gradient":""},"mobile":{"background-color":"","background-image":"","background-repeat":"repeat","background-position":"center center","background-size":"auto","background-attachment":"scroll","background-type":"","background-media":"","overlay-type":"","overlay-color":"","overlay-gradient":""}},"ast-content-background-meta":{"desktop":{"background-color":"var(--ast-global-color-5)","background-image":"","background-repeat":"repeat","background-position":"center center","background-size":"auto","background-attachment":"scroll","background-type":"","background-media":"","overlay-type":"","overlay-color":"","overlay-gradient":""},"tablet":{"background-color":"var(--ast-global-color-5)","background-image":"","background-repeat":"repeat","background-position":"center center","background-size":"auto","background-attachment":"scroll","background-type":"","background-media":"","overlay-type":"","overlay-color":"","overlay-gradient":""},"mobile":{"background-color":"var(--ast-global-color-5)","background-image":"","background-repeat":"repeat","background-position":"center center","background-size":"auto","background-attachment":"scroll","background-type":"","background-media":"","overlay-type":"","overlay-color":"","overlay-gradient":""}}},"product_cat":[29],"product_tag":[],"class_list":{"0":"post-351","1":"product","2":"type-product","3":"status-publish","4":"has-post-thumbnail","6":"product_cat-pate-01","7":"desktop-align-left","8":"tablet-align-left","9":"mobile-align-left","11":"first","12":"instock","13":"shipping-taxable","14":"purchasable","15":"product-type-simple"},"_links":{"self":[{"href":"https:\/\/thepategirl.co\/index.php\/wp-json\/wp\/v2\/product\/351","targetHints":{"allow":["GET"]}}],"collection":[{"href":"https:\/\/thepategirl.co\/index.php\/wp-json\/wp\/v2\/product"}],"about":[{"href":"https:\/\/thepategirl.co\/index.php\/wp-json\/wp\/v2\/types\/product"}],"replies":[{"embeddable":true,"href":"https:\/\/thepategirl.co\/index.php\/wp-json\/wp\/v2\/comments?post=351"}],"wp:featuredmedia":[{"embeddable":true,"href":"https:\/\/thepategirl.co\/index.php\/wp-json\/wp\/v2\/media\/352"}],"wp:attachment":[{"href":"https:\/\/thepategirl.co\/index.php\/wp-json\/wp\/v2\/media?parent=351"}],"wp:term":[{"taxonomy":"product_cat","embeddable":true,"href":"https:\/\/thepategirl.co\/index.php\/wp-json\/wp\/v2\/product_cat?post=351"},{"taxonomy":"product_tag","embeddable":true,"href":"https:\/\/thepategirl.co\/index.php\/wp-json\/wp\/v2\/product_tag?post=351"}],"curies":[{"name":"wp","href":"https:\/\/api.w.org\/{rel}","templated":true}]}}