{"id":347,"date":"2024-01-26T23:22:08","date_gmt":"2024-01-26T23:22:08","guid":{"rendered":"https:\/\/thepategirl.co\/?post_type=product&#038;p=347"},"modified":"2024-07-26T22:31:41","modified_gmt":"2024-07-26T22:31:41","slug":"duck-mousse-pates","status":"publish","type":"product","link":"https:\/\/thepategirl.co\/index.php\/product\/duck-mousse-pates\/","title":{"rendered":"Duck Mousse P\u00e2t\u00e9s"},"content":{"rendered":"<p>Introducing our exquisite Duck Mousse P\u00e2t\u00e9\u2014a delicacy that embodies sophistication, luxury, and the rich culinary heritage of French cuisine. At the heart of our Duck Mousse P\u00e2t\u00e9 is the succulent richness of duck liver, revered for its unparalleled depth of flavor and creamy texture. Sourced from the finest free-range ducks, our livers are expertly prepared and transformed into a decadent mousse that is as luxurious as it is irresistible.<\/p>\n<p>4oz\/piece<\/p>\n<p>Keep frozen and thaw in the fridge or refrigerated for up to 2 weeks. It is good for 5 days after opening.<\/p>\n","protected":false},"excerpt":{"rendered":"<p>Introducing our exquisite Duck Mousse P\u00e2t\u00e9\u2014a delicacy that embodies sophistication, luxury, and the rich culinary heritage of French cuisine. At [&hellip;]<\/p>\n","protected":false},"featured_media":805,"comment_status":"open","ping_status":"closed","template":"","meta":{"site-sidebar-layout":"default","site-content-layout":"","ast-site-content-layout":"default","site-content-style":"default","site-sidebar-style":"default","ast-global-header-display":"","ast-banner-title-visibility":"","ast-main-header-display":"","ast-hfb-above-header-display":"","ast-hfb-below-header-display":"","ast-hfb-mobile-header-display":"","site-post-title":"","ast-breadcrumbs-content":"","ast-featured-img":"","footer-sml-layout":"","theme-transparent-header-meta":"default","adv-header-id-meta":"","stick-header-meta":"","header-above-stick-meta":"","header-main-stick-meta":"","header-below-stick-meta":"","astra-migrate-meta-layouts":"set","ast-page-background-enabled":"default","ast-page-background-meta":{"desktop":{"background-color":"var(--ast-global-color-4)","background-image":"","background-repeat":"repeat","background-position":"center center","background-size":"auto","background-attachment":"scroll","background-type":"","background-media":"","overlay-type":"","overlay-color":"","overlay-gradient":""},"tablet":{"background-color":"","background-image":"","background-repeat":"repeat","background-position":"center center","background-size":"auto","background-attachment":"scroll","background-type":"","background-media":"","overlay-type":"","overlay-color":"","overlay-gradient":""},"mobile":{"background-color":"","background-image":"","background-repeat":"repeat","background-position":"center center","background-size":"auto","background-attachment":"scroll","background-type":"","background-media":"","overlay-type":"","overlay-color":"","overlay-gradient":""}},"ast-content-background-meta":{"desktop":{"background-color":"var(--ast-global-color-5)","background-image":"","background-repeat":"repeat","background-position":"center center","background-size":"auto","background-attachment":"scroll","background-type":"","background-media":"","overlay-type":"","overlay-color":"","overlay-gradient":""},"tablet":{"background-color":"var(--ast-global-color-5)","background-image":"","background-repeat":"repeat","background-position":"center center","background-size":"auto","background-attachment":"scroll","background-type":"","background-media":"","overlay-type":"","overlay-color":"","overlay-gradient":""},"mobile":{"background-color":"var(--ast-global-color-5)","background-image":"","background-repeat":"repeat","background-position":"center center","background-size":"auto","background-attachment":"scroll","background-type":"","background-media":"","overlay-type":"","overlay-color":"","overlay-gradient":""}}},"product_cat":[29],"product_tag":[],"class_list":{"0":"post-347","1":"product","2":"type-product","3":"status-publish","4":"has-post-thumbnail","6":"product_cat-pate-01","7":"desktop-align-left","8":"tablet-align-left","9":"mobile-align-left","11":"first","12":"instock","13":"shipping-taxable","14":"purchasable","15":"product-type-simple"},"_links":{"self":[{"href":"https:\/\/thepategirl.co\/index.php\/wp-json\/wp\/v2\/product\/347","targetHints":{"allow":["GET"]}}],"collection":[{"href":"https:\/\/thepategirl.co\/index.php\/wp-json\/wp\/v2\/product"}],"about":[{"href":"https:\/\/thepategirl.co\/index.php\/wp-json\/wp\/v2\/types\/product"}],"replies":[{"embeddable":true,"href":"https:\/\/thepategirl.co\/index.php\/wp-json\/wp\/v2\/comments?post=347"}],"wp:featuredmedia":[{"embeddable":true,"href":"https:\/\/thepategirl.co\/index.php\/wp-json\/wp\/v2\/media\/805"}],"wp:attachment":[{"href":"https:\/\/thepategirl.co\/index.php\/wp-json\/wp\/v2\/media?parent=347"}],"wp:term":[{"taxonomy":"product_cat","embeddable":true,"href":"https:\/\/thepategirl.co\/index.php\/wp-json\/wp\/v2\/product_cat?post=347"},{"taxonomy":"product_tag","embeddable":true,"href":"https:\/\/thepategirl.co\/index.php\/wp-json\/wp\/v2\/product_tag?post=347"}],"curies":[{"name":"wp","href":"https:\/\/api.w.org\/{rel}","templated":true}]}}